{"id":999,"date":"2021-09-22T16:42:17","date_gmt":"2021-09-22T14:42:17","guid":{"rendered":"https:\/\/www.renatocasa.lu\/renato-casa-explore-catalogues\/"},"modified":"2021-11-16T10:15:07","modified_gmt":"2021-11-16T09:15:07","slug":"renato-casa-decouvrez-catalogues","status":"publish","type":"page","link":"https:\/\/www.renatocasa.lu\/fr\/renato-casa-decouvrez-catalogues\/","title":{"rendered":"Download Zone"},"content":{"rendered":"<p>Explorez nos catalogues, cliquez sur les chambres avec votre look pr\u00e9f\u00e9r\u00e9 et laissez-vous inspirer pour cr\u00e9er votre maison personnelle.<\/p>\n","protected":false},"excerpt":{"rendered":"<p>Explorez nos catalogues, cliquez sur les chambres avec votre look pr\u00e9f\u00e9r\u00e9 et laissez-vous inspirer pour cr\u00e9er votre maison personnelle.<\/p>\n","protected":false},"author":1,"featured_media":393,"parent":0,"menu_order":9,"comment_status":"closed","ping_status":"closed","template":"page-download.php","meta":{"footnotes":""},"class_list":["post-999","page","type-page","status-publish","has-post-thumbnail","hentry"],"acf":[],"yoast_head":"<!-- This site is optimized with the Yoast SEO plugin v17.6 - https:\/\/yoast.com\/wordpress\/plugins\/seo\/ -->\n<meta name=\"description\" content=\"D\u00e9couvrez nos catalogues. Pr\u00e9parez-vous \u00e0 vous laisser inspirer par l\u2019\u00e9l\u00e9gance et la fonctionnalit\u00e9 des produits Renato Casa.\" \/>\n<meta name=\"robots\" content=\"index, follow, max-snippet:-1, max-image-preview:large, max-video-preview:-1\" \/>\n<link rel=\"canonical\" href=\"https:\/\/www.renatocasa.lu\/fr\/renato-casa-decouvrez-catalogues\/\" \/>\n<meta property=\"og:locale\" content=\"fr_FR\" \/>\n<meta property=\"og:type\" content=\"article\" \/>\n<meta property=\"og:title\" content=\"D\u00e9couvrez nos catalogues \u2013 Renato Casa\" \/>\n<meta property=\"og:description\" content=\"D\u00e9couvrez nos catalogues. Pr\u00e9parez-vous \u00e0 vous laisser inspirer par l\u2019\u00e9l\u00e9gance et la fonctionnalit\u00e9 des produits Renato Casa.\" \/>\n<meta property=\"og:url\" content=\"https:\/\/www.renatocasa.lu\/fr\/renato-casa-decouvrez-catalogues\/\" \/>\n<meta property=\"og:site_name\" content=\"Renato Casa\" \/>\n<meta property=\"article:modified_time\" content=\"2021-11-16T09:15:07+00:00\" \/>\n<meta property=\"og:image\" content=\"https:\/\/www.renatocasa.lu\/wp-content\/uploads\/2021\/09\/interior-design-collection-night-nva-1-7-thumb.jpg\" \/>\n\t<meta property=\"og:image:width\" content=\"2000\" \/>\n\t<meta property=\"og:image:height\" content=\"1000\" \/>\n<meta name=\"twitter:card\" content=\"summary_large_image\" \/>\n<script type=\"application\/ld+json\" class=\"yoast-schema-graph\">{\"@context\":\"https:\/\/schema.org\",\"@graph\":[{\"@type\":\"Organization\",\"@id\":\"https:\/\/www.renatocasa.lu\/fr\/#organization\",\"name\":\"Renato Casa By Refa Real Estate\",\"url\":\"https:\/\/www.renatocasa.lu\/fr\/\",\"sameAs\":[],\"logo\":{\"@type\":\"ImageObject\",\"@id\":\"https:\/\/www.renatocasa.lu\/fr\/#logo\",\"inLanguage\":\"fr-FR\",\"url\":\"https:\/\/www.renatocasa.lu\/wp-content\/uploads\/2021\/11\/logo.png\",\"contentUrl\":\"https:\/\/www.renatocasa.lu\/wp-content\/uploads\/2021\/11\/logo.png\",\"width\":500,\"height\":134,\"caption\":\"Renato Casa By Refa Real Estate\"},\"image\":{\"@id\":\"https:\/\/www.renatocasa.lu\/fr\/#logo\"}},{\"@type\":\"WebSite\",\"@id\":\"https:\/\/www.renatocasa.lu\/fr\/#website\",\"url\":\"https:\/\/www.renatocasa.lu\/fr\/\",\"name\":\"Renato Casa\",\"description\":\"Bespoke interior design\",\"publisher\":{\"@id\":\"https:\/\/www.renatocasa.lu\/fr\/#organization\"},\"potentialAction\":[{\"@type\":\"SearchAction\",\"target\":{\"@type\":\"EntryPoint\",\"urlTemplate\":\"https:\/\/www.renatocasa.lu\/fr\/?s={search_term_string}\"},\"query-input\":\"required name=search_term_string\"}],\"inLanguage\":\"fr-FR\"},{\"@type\":\"ImageObject\",\"@id\":\"https:\/\/www.renatocasa.lu\/fr\/renato-casa-decouvrez-catalogues\/#primaryimage\",\"inLanguage\":\"fr-FR\",\"url\":\"https:\/\/www.renatocasa.lu\/wp-content\/uploads\/2021\/09\/interior-design-collection-night-nva-1-7-thumb.jpg\",\"contentUrl\":\"https:\/\/www.renatocasa.lu\/wp-content\/uploads\/2021\/09\/interior-design-collection-night-nva-1-7-thumb.jpg\",\"width\":2000,\"height\":1000},{\"@type\":\"WebPage\",\"@id\":\"https:\/\/www.renatocasa.lu\/fr\/renato-casa-decouvrez-catalogues\/#webpage\",\"url\":\"https:\/\/www.renatocasa.lu\/fr\/renato-casa-decouvrez-catalogues\/\",\"name\":\"D\\u00e9couvrez nos catalogues \\u2013 Renato Casa\",\"isPartOf\":{\"@id\":\"https:\/\/www.renatocasa.lu\/fr\/#website\"},\"primaryImageOfPage\":{\"@id\":\"https:\/\/www.renatocasa.lu\/fr\/renato-casa-decouvrez-catalogues\/#primaryimage\"},\"datePublished\":\"2021-09-22T14:42:17+00:00\",\"dateModified\":\"2021-11-16T09:15:07+00:00\",\"description\":\"D\\u00e9couvrez nos catalogues. Pr\\u00e9parez-vous \\u00e0 vous laisser inspirer par l\\u2019\\u00e9l\\u00e9gance et la fonctionnalit\\u00e9 des produits Renato Casa.\",\"breadcrumb\":{\"@id\":\"https:\/\/www.renatocasa.lu\/fr\/renato-casa-decouvrez-catalogues\/#breadcrumb\"},\"inLanguage\":\"fr-FR\",\"potentialAction\":[{\"@type\":\"ReadAction\",\"target\":[\"https:\/\/www.renatocasa.lu\/fr\/renato-casa-decouvrez-catalogues\/\"]}]},{\"@type\":\"BreadcrumbList\",\"@id\":\"https:\/\/www.renatocasa.lu\/fr\/renato-casa-decouvrez-catalogues\/#breadcrumb\",\"itemListElement\":[{\"@type\":\"ListItem\",\"position\":1,\"name\":\"Home\",\"item\":\"https:\/\/www.renatocasa.lu\/fr\/\"},{\"@type\":\"ListItem\",\"position\":2,\"name\":\"Download Zone\"}]}]}<\/script>\n<!-- \/ Yoast SEO plugin. -->","yoast_head_json":{"description":"D\u00e9couvrez nos catalogues. Pr\u00e9parez-vous \u00e0 vous laisser inspirer par l\u2019\u00e9l\u00e9gance et la fonctionnalit\u00e9 des produits Renato Casa.","robots":{"index":"index","follow":"follow","max-snippet":"max-snippet:-1","max-image-preview":"max-image-preview:large","max-video-preview":"max-video-preview:-1"},"canonical":"https:\/\/www.renatocasa.lu\/fr\/renato-casa-decouvrez-catalogues\/","og_locale":"fr_FR","og_type":"article","og_title":"D\u00e9couvrez nos catalogues \u2013 Renato Casa","og_description":"D\u00e9couvrez nos catalogues. Pr\u00e9parez-vous \u00e0 vous laisser inspirer par l\u2019\u00e9l\u00e9gance et la fonctionnalit\u00e9 des produits Renato Casa.","og_url":"https:\/\/www.renatocasa.lu\/fr\/renato-casa-decouvrez-catalogues\/","og_site_name":"Renato Casa","article_modified_time":"2021-11-16T09:15:07+00:00","og_image":[{"width":2000,"height":1000,"url":"https:\/\/www.renatocasa.lu\/wp-content\/uploads\/2021\/09\/interior-design-collection-night-nva-1-7-thumb.jpg","type":"image\/jpeg"}],"twitter_card":"summary_large_image","schema":{"@context":"https:\/\/schema.org","@graph":[{"@type":"Organization","@id":"https:\/\/www.renatocasa.lu\/fr\/#organization","name":"Renato Casa By Refa Real Estate","url":"https:\/\/www.renatocasa.lu\/fr\/","sameAs":[],"logo":{"@type":"ImageObject","@id":"https:\/\/www.renatocasa.lu\/fr\/#logo","inLanguage":"fr-FR","url":"https:\/\/www.renatocasa.lu\/wp-content\/uploads\/2021\/11\/logo.png","contentUrl":"https:\/\/www.renatocasa.lu\/wp-content\/uploads\/2021\/11\/logo.png","width":500,"height":134,"caption":"Renato Casa By Refa Real Estate"},"image":{"@id":"https:\/\/www.renatocasa.lu\/fr\/#logo"}},{"@type":"WebSite","@id":"https:\/\/www.renatocasa.lu\/fr\/#website","url":"https:\/\/www.renatocasa.lu\/fr\/","name":"Renato Casa","description":"Bespoke interior design","publisher":{"@id":"https:\/\/www.renatocasa.lu\/fr\/#organization"},"potentialAction":[{"@type":"SearchAction","target":{"@type":"EntryPoint","urlTemplate":"https:\/\/www.renatocasa.lu\/fr\/?s={search_term_string}"},"query-input":"required name=search_term_string"}],"inLanguage":"fr-FR"},{"@type":"ImageObject","@id":"https:\/\/www.renatocasa.lu\/fr\/renato-casa-decouvrez-catalogues\/#primaryimage","inLanguage":"fr-FR","url":"https:\/\/www.renatocasa.lu\/wp-content\/uploads\/2021\/09\/interior-design-collection-night-nva-1-7-thumb.jpg","contentUrl":"https:\/\/www.renatocasa.lu\/wp-content\/uploads\/2021\/09\/interior-design-collection-night-nva-1-7-thumb.jpg","width":2000,"height":1000},{"@type":"WebPage","@id":"https:\/\/www.renatocasa.lu\/fr\/renato-casa-decouvrez-catalogues\/#webpage","url":"https:\/\/www.renatocasa.lu\/fr\/renato-casa-decouvrez-catalogues\/","name":"D\u00e9couvrez nos catalogues \u2013 Renato Casa","isPartOf":{"@id":"https:\/\/www.renatocasa.lu\/fr\/#website"},"primaryImageOfPage":{"@id":"https:\/\/www.renatocasa.lu\/fr\/renato-casa-decouvrez-catalogues\/#primaryimage"},"datePublished":"2021-09-22T14:42:17+00:00","dateModified":"2021-11-16T09:15:07+00:00","description":"D\u00e9couvrez nos catalogues. Pr\u00e9parez-vous \u00e0 vous laisser inspirer par l\u2019\u00e9l\u00e9gance et la fonctionnalit\u00e9 des produits Renato Casa.","breadcrumb":{"@id":"https:\/\/www.renatocasa.lu\/fr\/renato-casa-decouvrez-catalogues\/#breadcrumb"},"inLanguage":"fr-FR","potentialAction":[{"@type":"ReadAction","target":["https:\/\/www.renatocasa.lu\/fr\/renato-casa-decouvrez-catalogues\/"]}]},{"@type":"BreadcrumbList","@id":"https:\/\/www.renatocasa.lu\/fr\/renato-casa-decouvrez-catalogues\/#breadcrumb","itemListElement":[{"@type":"ListItem","position":1,"name":"Home","item":"https:\/\/www.renatocasa.lu\/fr\/"},{"@type":"ListItem","position":2,"name":"Download Zone"}]}]}},"_links":{"self":[{"href":"https:\/\/www.renatocasa.lu\/fr\/wp-json\/wp\/v2\/pages\/999","targetHints":{"allow":["GET"]}}],"collection":[{"href":"https:\/\/www.renatocasa.lu\/fr\/wp-json\/wp\/v2\/pages"}],"about":[{"href":"https:\/\/www.renatocasa.lu\/fr\/wp-json\/wp\/v2\/types\/page"}],"author":[{"embeddable":true,"href":"https:\/\/www.renatocasa.lu\/fr\/wp-json\/wp\/v2\/users\/1"}],"replies":[{"embeddable":true,"href":"https:\/\/www.renatocasa.lu\/fr\/wp-json\/wp\/v2\/comments?post=999"}],"version-history":[{"count":2,"href":"https:\/\/www.renatocasa.lu\/fr\/wp-json\/wp\/v2\/pages\/999\/revisions"}],"predecessor-version":[{"id":1127,"href":"https:\/\/www.renatocasa.lu\/fr\/wp-json\/wp\/v2\/pages\/999\/revisions\/1127"}],"wp:featuredmedia":[{"embeddable":true,"href":"https:\/\/www.renatocasa.lu\/fr\/wp-json\/wp\/v2\/media\/393"}],"wp:attachment":[{"href":"https:\/\/www.renatocasa.lu\/fr\/wp-json\/wp\/v2\/media?parent=999"}],"curies":[{"name":"wp","href":"https:\/\/api.w.org\/{rel}","templated":true}]}}