{"id":997,"date":"2021-09-24T16:07:50","date_gmt":"2021-09-24T14:07:50","guid":{"rendered":"https:\/\/www.renatocasa.lu\/renato-casa-innovative-virtual-showroom\/"},"modified":"2023-03-02T15:07:39","modified_gmt":"2023-03-02T14:07:39","slug":"renato-casa-showroom-mobilier","status":"publish","type":"page","link":"https:\/\/www.renatocasa.lu\/fr\/renato-casa-showroom-mobilier\/","title":{"rendered":"Showroom"},"content":{"rendered":"<p>Avec notre showroom, vous pouvez d\u00e9couvrir de nouvelles id\u00e9es et de nouveaux produits pour vos environnements.<br \/>\nVoir la vid\u00e9o, vivez une nouvelle exp\u00e9rience, directement de chez vous.<\/p>\n","protected":false},"excerpt":{"rendered":"<p>Avec notre showroom, vous pouvez d\u00e9couvrir de nouvelles id\u00e9es et de nouveaux produits pour vos environnements. Voir la vid\u00e9o, vivez une nouvelle exp\u00e9rience, directement de chez vous.<\/p>\n","protected":false},"author":1,"featured_media":982,"parent":0,"menu_order":6,"comment_status":"closed","ping_status":"closed","template":"page-showroom.php","meta":{"footnotes":""},"class_list":["post-997","page","type-page","status-publish","has-post-thumbnail","hentry"],"acf":[],"yoast_head":"<!-- This site is optimized with the Yoast SEO plugin v17.6 - https:\/\/yoast.com\/wordpress\/plugins\/seo\/ -->\n<meta name=\"description\" content=\"Showroom Mobilier. D\u00e9couvrez tous les produits Renato Casa dans le showroom virtuel interactif et vivez une nouvelle exp\u00e9rience.\" \/>\n<meta name=\"robots\" content=\"index, follow, max-snippet:-1, max-image-preview:large, max-video-preview:-1\" \/>\n<link rel=\"canonical\" href=\"https:\/\/www.renatocasa.lu\/fr\/renato-casa-showroom-mobilier\/\" \/>\n<meta property=\"og:locale\" content=\"fr_FR\" \/>\n<meta property=\"og:type\" content=\"article\" \/>\n<meta property=\"og:title\" content=\"Showroom mobilier \u2013 Renato Casa\" \/>\n<meta property=\"og:description\" content=\"Showroom Mobilier. D\u00e9couvrez tous les produits Renato Casa dans le showroom virtuel interactif et vivez une nouvelle exp\u00e9rience.\" \/>\n<meta property=\"og:url\" content=\"https:\/\/www.renatocasa.lu\/fr\/renato-casa-showroom-mobilier\/\" \/>\n<meta property=\"og:site_name\" content=\"Renato Casa\" \/>\n<meta property=\"article:modified_time\" content=\"2023-03-02T14:07:39+00:00\" \/>\n<meta property=\"og:image\" content=\"https:\/\/www.renatocasa.lu\/wp-content\/uploads\/2021\/11\/renato-casa-bespoke-interior-design-virtual-showroom-thumb.jpg\" \/>\n\t<meta property=\"og:image:width\" content=\"2000\" \/>\n\t<meta property=\"og:image:height\" content=\"1334\" \/>\n<meta name=\"twitter:card\" content=\"summary_large_image\" \/>\n<script type=\"application\/ld+json\" class=\"yoast-schema-graph\">{\"@context\":\"https:\/\/schema.org\",\"@graph\":[{\"@type\":\"Organization\",\"@id\":\"https:\/\/www.renatocasa.lu\/fr\/#organization\",\"name\":\"Renato Casa By Refa Real Estate\",\"url\":\"https:\/\/www.renatocasa.lu\/fr\/\",\"sameAs\":[],\"logo\":{\"@type\":\"ImageObject\",\"@id\":\"https:\/\/www.renatocasa.lu\/fr\/#logo\",\"inLanguage\":\"fr-FR\",\"url\":\"https:\/\/www.renatocasa.lu\/wp-content\/uploads\/2021\/11\/logo.png\",\"contentUrl\":\"https:\/\/www.renatocasa.lu\/wp-content\/uploads\/2021\/11\/logo.png\",\"width\":500,\"height\":134,\"caption\":\"Renato Casa By Refa Real Estate\"},\"image\":{\"@id\":\"https:\/\/www.renatocasa.lu\/fr\/#logo\"}},{\"@type\":\"WebSite\",\"@id\":\"https:\/\/www.renatocasa.lu\/fr\/#website\",\"url\":\"https:\/\/www.renatocasa.lu\/fr\/\",\"name\":\"Renato Casa\",\"description\":\"Bespoke interior design\",\"publisher\":{\"@id\":\"https:\/\/www.renatocasa.lu\/fr\/#organization\"},\"potentialAction\":[{\"@type\":\"SearchAction\",\"target\":{\"@type\":\"EntryPoint\",\"urlTemplate\":\"https:\/\/www.renatocasa.lu\/fr\/?s={search_term_string}\"},\"query-input\":\"required name=search_term_string\"}],\"inLanguage\":\"fr-FR\"},{\"@type\":\"ImageObject\",\"@id\":\"https:\/\/www.renatocasa.lu\/fr\/renato-casa-showroom-mobilier\/#primaryimage\",\"inLanguage\":\"fr-FR\",\"url\":\"https:\/\/www.renatocasa.lu\/wp-content\/uploads\/2021\/11\/renato-casa-bespoke-interior-design-virtual-showroom-thumb.jpg\",\"contentUrl\":\"https:\/\/www.renatocasa.lu\/wp-content\/uploads\/2021\/11\/renato-casa-bespoke-interior-design-virtual-showroom-thumb.jpg\",\"width\":2000,\"height\":1334},{\"@type\":\"WebPage\",\"@id\":\"https:\/\/www.renatocasa.lu\/fr\/renato-casa-showroom-mobilier\/#webpage\",\"url\":\"https:\/\/www.renatocasa.lu\/fr\/renato-casa-showroom-mobilier\/\",\"name\":\"Showroom mobilier \\u2013 Renato Casa\",\"isPartOf\":{\"@id\":\"https:\/\/www.renatocasa.lu\/fr\/#website\"},\"primaryImageOfPage\":{\"@id\":\"https:\/\/www.renatocasa.lu\/fr\/renato-casa-showroom-mobilier\/#primaryimage\"},\"datePublished\":\"2021-09-24T14:07:50+00:00\",\"dateModified\":\"2023-03-02T14:07:39+00:00\",\"description\":\"Showroom Mobilier. D\\u00e9couvrez tous les produits Renato Casa dans le showroom virtuel interactif et vivez une nouvelle exp\\u00e9rience.\",\"breadcrumb\":{\"@id\":\"https:\/\/www.renatocasa.lu\/fr\/renato-casa-showroom-mobilier\/#breadcrumb\"},\"inLanguage\":\"fr-FR\",\"potentialAction\":[{\"@type\":\"ReadAction\",\"target\":[\"https:\/\/www.renatocasa.lu\/fr\/renato-casa-showroom-mobilier\/\"]}]},{\"@type\":\"BreadcrumbList\",\"@id\":\"https:\/\/www.renatocasa.lu\/fr\/renato-casa-showroom-mobilier\/#breadcrumb\",\"itemListElement\":[{\"@type\":\"ListItem\",\"position\":1,\"name\":\"Home\",\"item\":\"https:\/\/www.renatocasa.lu\/fr\/\"},{\"@type\":\"ListItem\",\"position\":2,\"name\":\"Showroom\"}]}]}<\/script>\n<!-- \/ Yoast SEO plugin. -->","yoast_head_json":{"description":"Showroom Mobilier. D\u00e9couvrez tous les produits Renato Casa dans le showroom virtuel interactif et vivez une nouvelle exp\u00e9rience.","robots":{"index":"index","follow":"follow","max-snippet":"max-snippet:-1","max-image-preview":"max-image-preview:large","max-video-preview":"max-video-preview:-1"},"canonical":"https:\/\/www.renatocasa.lu\/fr\/renato-casa-showroom-mobilier\/","og_locale":"fr_FR","og_type":"article","og_title":"Showroom mobilier \u2013 Renato Casa","og_description":"Showroom Mobilier. D\u00e9couvrez tous les produits Renato Casa dans le showroom virtuel interactif et vivez une nouvelle exp\u00e9rience.","og_url":"https:\/\/www.renatocasa.lu\/fr\/renato-casa-showroom-mobilier\/","og_site_name":"Renato Casa","article_modified_time":"2023-03-02T14:07:39+00:00","og_image":[{"width":2000,"height":1334,"url":"https:\/\/www.renatocasa.lu\/wp-content\/uploads\/2021\/11\/renato-casa-bespoke-interior-design-virtual-showroom-thumb.jpg","type":"image\/jpeg"}],"twitter_card":"summary_large_image","schema":{"@context":"https:\/\/schema.org","@graph":[{"@type":"Organization","@id":"https:\/\/www.renatocasa.lu\/fr\/#organization","name":"Renato Casa By Refa Real Estate","url":"https:\/\/www.renatocasa.lu\/fr\/","sameAs":[],"logo":{"@type":"ImageObject","@id":"https:\/\/www.renatocasa.lu\/fr\/#logo","inLanguage":"fr-FR","url":"https:\/\/www.renatocasa.lu\/wp-content\/uploads\/2021\/11\/logo.png","contentUrl":"https:\/\/www.renatocasa.lu\/wp-content\/uploads\/2021\/11\/logo.png","width":500,"height":134,"caption":"Renato Casa By Refa Real Estate"},"image":{"@id":"https:\/\/www.renatocasa.lu\/fr\/#logo"}},{"@type":"WebSite","@id":"https:\/\/www.renatocasa.lu\/fr\/#website","url":"https:\/\/www.renatocasa.lu\/fr\/","name":"Renato Casa","description":"Bespoke interior design","publisher":{"@id":"https:\/\/www.renatocasa.lu\/fr\/#organization"},"potentialAction":[{"@type":"SearchAction","target":{"@type":"EntryPoint","urlTemplate":"https:\/\/www.renatocasa.lu\/fr\/?s={search_term_string}"},"query-input":"required name=search_term_string"}],"inLanguage":"fr-FR"},{"@type":"ImageObject","@id":"https:\/\/www.renatocasa.lu\/fr\/renato-casa-showroom-mobilier\/#primaryimage","inLanguage":"fr-FR","url":"https:\/\/www.renatocasa.lu\/wp-content\/uploads\/2021\/11\/renato-casa-bespoke-interior-design-virtual-showroom-thumb.jpg","contentUrl":"https:\/\/www.renatocasa.lu\/wp-content\/uploads\/2021\/11\/renato-casa-bespoke-interior-design-virtual-showroom-thumb.jpg","width":2000,"height":1334},{"@type":"WebPage","@id":"https:\/\/www.renatocasa.lu\/fr\/renato-casa-showroom-mobilier\/#webpage","url":"https:\/\/www.renatocasa.lu\/fr\/renato-casa-showroom-mobilier\/","name":"Showroom mobilier \u2013 Renato Casa","isPartOf":{"@id":"https:\/\/www.renatocasa.lu\/fr\/#website"},"primaryImageOfPage":{"@id":"https:\/\/www.renatocasa.lu\/fr\/renato-casa-showroom-mobilier\/#primaryimage"},"datePublished":"2021-09-24T14:07:50+00:00","dateModified":"2023-03-02T14:07:39+00:00","description":"Showroom Mobilier. D\u00e9couvrez tous les produits Renato Casa dans le showroom virtuel interactif et vivez une nouvelle exp\u00e9rience.","breadcrumb":{"@id":"https:\/\/www.renatocasa.lu\/fr\/renato-casa-showroom-mobilier\/#breadcrumb"},"inLanguage":"fr-FR","potentialAction":[{"@type":"ReadAction","target":["https:\/\/www.renatocasa.lu\/fr\/renato-casa-showroom-mobilier\/"]}]},{"@type":"BreadcrumbList","@id":"https:\/\/www.renatocasa.lu\/fr\/renato-casa-showroom-mobilier\/#breadcrumb","itemListElement":[{"@type":"ListItem","position":1,"name":"Home","item":"https:\/\/www.renatocasa.lu\/fr\/"},{"@type":"ListItem","position":2,"name":"Showroom"}]}]}},"_links":{"self":[{"href":"https:\/\/www.renatocasa.lu\/fr\/wp-json\/wp\/v2\/pages\/997","targetHints":{"allow":["GET"]}}],"collection":[{"href":"https:\/\/www.renatocasa.lu\/fr\/wp-json\/wp\/v2\/pages"}],"about":[{"href":"https:\/\/www.renatocasa.lu\/fr\/wp-json\/wp\/v2\/types\/page"}],"author":[{"embeddable":true,"href":"https:\/\/www.renatocasa.lu\/fr\/wp-json\/wp\/v2\/users\/1"}],"replies":[{"embeddable":true,"href":"https:\/\/www.renatocasa.lu\/fr\/wp-json\/wp\/v2\/comments?post=997"}],"version-history":[{"count":6,"href":"https:\/\/www.renatocasa.lu\/fr\/wp-json\/wp\/v2\/pages\/997\/revisions"}],"predecessor-version":[{"id":1552,"href":"https:\/\/www.renatocasa.lu\/fr\/wp-json\/wp\/v2\/pages\/997\/revisions\/1552"}],"wp:featuredmedia":[{"embeddable":true,"href":"https:\/\/www.renatocasa.lu\/fr\/wp-json\/wp\/v2\/media\/982"}],"wp:attachment":[{"href":"https:\/\/www.renatocasa.lu\/fr\/wp-json\/wp\/v2\/media?parent=997"}],"curies":[{"name":"wp","href":"https:\/\/api.w.org\/{rel}","templated":true}]}}