{"id":1006,"date":"2021-09-24T16:38:05","date_gmt":"2021-09-24T14:38:05","guid":{"rendered":"https:\/\/www.renatocasa.lu\/renato-casa-high-quality-services\/renato-casa-interior-design\/"},"modified":"2021-11-16T10:16:53","modified_gmt":"2021-11-16T09:16:53","slug":"renato-casa-design-interieur","status":"publish","type":"page","link":"https:\/\/www.renatocasa.lu\/fr\/renato-casa-services-decoration-interieure-maison\/renato-casa-design-interieur\/","title":{"rendered":"Design d&rsquo;int\u00e9rieur"},"content":{"rendered":"<p>Imaginez le sentiment d\u2019une maison con\u00e7ue pour s\u2019adapter \u00e0 votre style de vie et refl\u00e9ter votre personnalit\u00e9. Les avantages sont clairs. Lorsque vous combinez une palette de couleurs agr\u00e9able, un espace fluide et fonctionnel, un \u00e9clairage d\u2019ambiance parfait et un rangement intelligent, vous obtenez des exp\u00e9riences de maison agr\u00e9ables et une vie plus heureuse.<\/p>\n","protected":false},"excerpt":{"rendered":"<p>Imaginez le sentiment d\u2019une maison con\u00e7ue pour s\u2019adapter \u00e0 votre style de vie et refl\u00e9ter votre personnalit\u00e9. Les avantages sont clairs. Lorsque vous combinez une palette de couleurs agr\u00e9able, un espace fluide et fonctionnel, un \u00e9clairage d\u2019ambiance parfait et un&#8230;<\/p>\n","protected":false},"author":1,"featured_media":996,"parent":1004,"menu_order":24,"comment_status":"closed","ping_status":"closed","template":"page-services-child.php","meta":{"footnotes":""},"class_list":["post-1006","page","type-page","status-publish","has-post-thumbnail","hentry"],"acf":[],"yoast_head":"<!-- This site is optimized with the Yoast SEO plugin v17.6 - https:\/\/yoast.com\/wordpress\/plugins\/seo\/ -->\n<meta name=\"description\" content=\"Design d&#039;int\u00e9rieur. Renato Casa offre une \u00e9norme opportunit\u00e9 de refl\u00e9ter votre personnalit\u00e9 et d\u2019assurer \u00e9l\u00e9gance et confort.\" \/>\n<meta name=\"robots\" content=\"index, follow, max-snippet:-1, max-image-preview:large, max-video-preview:-1\" \/>\n<link rel=\"canonical\" href=\"https:\/\/www.renatocasa.lu\/fr\/renato-casa-services-decoration-interieure-maison\/renato-casa-design-interieur\/\" \/>\n<meta property=\"og:locale\" content=\"fr_FR\" \/>\n<meta property=\"og:type\" content=\"article\" \/>\n<meta property=\"og:title\" content=\"Design d&#039;int\u00e9rieur - Renato Casa\" \/>\n<meta property=\"og:description\" content=\"Design d&#039;int\u00e9rieur. Renato Casa offre une \u00e9norme opportunit\u00e9 de refl\u00e9ter votre personnalit\u00e9 et d\u2019assurer \u00e9l\u00e9gance et confort.\" \/>\n<meta property=\"og:url\" content=\"https:\/\/www.renatocasa.lu\/fr\/renato-casa-services-decoration-interieure-maison\/renato-casa-design-interieur\/\" \/>\n<meta property=\"og:site_name\" content=\"Renato Casa\" \/>\n<meta property=\"article:modified_time\" content=\"2021-11-16T09:16:53+00:00\" \/>\n<meta property=\"og:image\" content=\"https:\/\/www.renatocasa.lu\/wp-content\/uploads\/2021\/11\/renato-casa-bespoke-interior-design-services-interior-design.jpg\" \/>\n\t<meta property=\"og:image:width\" content=\"2000\" \/>\n\t<meta property=\"og:image:height\" content=\"1334\" \/>\n<meta name=\"twitter:card\" content=\"summary_large_image\" \/>\n<script type=\"application\/ld+json\" class=\"yoast-schema-graph\">{\"@context\":\"https:\/\/schema.org\",\"@graph\":[{\"@type\":\"Organization\",\"@id\":\"https:\/\/www.renatocasa.lu\/fr\/#organization\",\"name\":\"Renato Casa By Refa Real Estate\",\"url\":\"https:\/\/www.renatocasa.lu\/fr\/\",\"sameAs\":[],\"logo\":{\"@type\":\"ImageObject\",\"@id\":\"https:\/\/www.renatocasa.lu\/fr\/#logo\",\"inLanguage\":\"fr-FR\",\"url\":\"https:\/\/www.renatocasa.lu\/wp-content\/uploads\/2021\/11\/logo.png\",\"contentUrl\":\"https:\/\/www.renatocasa.lu\/wp-content\/uploads\/2021\/11\/logo.png\",\"width\":500,\"height\":134,\"caption\":\"Renato Casa By Refa Real Estate\"},\"image\":{\"@id\":\"https:\/\/www.renatocasa.lu\/fr\/#logo\"}},{\"@type\":\"WebSite\",\"@id\":\"https:\/\/www.renatocasa.lu\/fr\/#website\",\"url\":\"https:\/\/www.renatocasa.lu\/fr\/\",\"name\":\"Renato Casa\",\"description\":\"Bespoke interior design\",\"publisher\":{\"@id\":\"https:\/\/www.renatocasa.lu\/fr\/#organization\"},\"potentialAction\":[{\"@type\":\"SearchAction\",\"target\":{\"@type\":\"EntryPoint\",\"urlTemplate\":\"https:\/\/www.renatocasa.lu\/fr\/?s={search_term_string}\"},\"query-input\":\"required name=search_term_string\"}],\"inLanguage\":\"fr-FR\"},{\"@type\":\"ImageObject\",\"@id\":\"https:\/\/www.renatocasa.lu\/fr\/renato-casa-services-decoration-interieure-maison\/renato-casa-design-interieur\/#primaryimage\",\"inLanguage\":\"fr-FR\",\"url\":\"https:\/\/www.renatocasa.lu\/wp-content\/uploads\/2021\/11\/renato-casa-bespoke-interior-design-services-interior-design.jpg\",\"contentUrl\":\"https:\/\/www.renatocasa.lu\/wp-content\/uploads\/2021\/11\/renato-casa-bespoke-interior-design-services-interior-design.jpg\",\"width\":2000,\"height\":1334},{\"@type\":\"WebPage\",\"@id\":\"https:\/\/www.renatocasa.lu\/fr\/renato-casa-services-decoration-interieure-maison\/renato-casa-design-interieur\/#webpage\",\"url\":\"https:\/\/www.renatocasa.lu\/fr\/renato-casa-services-decoration-interieure-maison\/renato-casa-design-interieur\/\",\"name\":\"Design d'int\\u00e9rieur - Renato Casa\",\"isPartOf\":{\"@id\":\"https:\/\/www.renatocasa.lu\/fr\/#website\"},\"primaryImageOfPage\":{\"@id\":\"https:\/\/www.renatocasa.lu\/fr\/renato-casa-services-decoration-interieure-maison\/renato-casa-design-interieur\/#primaryimage\"},\"datePublished\":\"2021-09-24T14:38:05+00:00\",\"dateModified\":\"2021-11-16T09:16:53+00:00\",\"description\":\"Design d'int\\u00e9rieur. Renato Casa offre une \\u00e9norme opportunit\\u00e9 de refl\\u00e9ter votre personnalit\\u00e9 et d\\u2019assurer \\u00e9l\\u00e9gance et confort.\",\"breadcrumb\":{\"@id\":\"https:\/\/www.renatocasa.lu\/fr\/renato-casa-services-decoration-interieure-maison\/renato-casa-design-interieur\/#breadcrumb\"},\"inLanguage\":\"fr-FR\",\"potentialAction\":[{\"@type\":\"ReadAction\",\"target\":[\"https:\/\/www.renatocasa.lu\/fr\/renato-casa-services-decoration-interieure-maison\/renato-casa-design-interieur\/\"]}]},{\"@type\":\"BreadcrumbList\",\"@id\":\"https:\/\/www.renatocasa.lu\/fr\/renato-casa-services-decoration-interieure-maison\/renato-casa-design-interieur\/#breadcrumb\",\"itemListElement\":[{\"@type\":\"ListItem\",\"position\":1,\"name\":\"Home\",\"item\":\"https:\/\/www.renatocasa.lu\/fr\/\"},{\"@type\":\"ListItem\",\"position\":2,\"name\":\"Services\",\"item\":\"https:\/\/www.renatocasa.lu\/fr\/renato-casa-services-decoration-interieure-maison\/\"},{\"@type\":\"ListItem\",\"position\":3,\"name\":\"Design d&#8217;int\\u00e9rieur\"}]}]}<\/script>\n<!-- \/ Yoast SEO plugin. -->","yoast_head_json":{"description":"Design d'int\u00e9rieur. Renato Casa offre une \u00e9norme opportunit\u00e9 de refl\u00e9ter votre personnalit\u00e9 et d\u2019assurer \u00e9l\u00e9gance et confort.","robots":{"index":"index","follow":"follow","max-snippet":"max-snippet:-1","max-image-preview":"max-image-preview:large","max-video-preview":"max-video-preview:-1"},"canonical":"https:\/\/www.renatocasa.lu\/fr\/renato-casa-services-decoration-interieure-maison\/renato-casa-design-interieur\/","og_locale":"fr_FR","og_type":"article","og_title":"Design d'int\u00e9rieur - Renato Casa","og_description":"Design d'int\u00e9rieur. Renato Casa offre une \u00e9norme opportunit\u00e9 de refl\u00e9ter votre personnalit\u00e9 et d\u2019assurer \u00e9l\u00e9gance et confort.","og_url":"https:\/\/www.renatocasa.lu\/fr\/renato-casa-services-decoration-interieure-maison\/renato-casa-design-interieur\/","og_site_name":"Renato Casa","article_modified_time":"2021-11-16T09:16:53+00:00","og_image":[{"width":2000,"height":1334,"url":"https:\/\/www.renatocasa.lu\/wp-content\/uploads\/2021\/11\/renato-casa-bespoke-interior-design-services-interior-design.jpg","type":"image\/jpeg"}],"twitter_card":"summary_large_image","schema":{"@context":"https:\/\/schema.org","@graph":[{"@type":"Organization","@id":"https:\/\/www.renatocasa.lu\/fr\/#organization","name":"Renato Casa By Refa Real Estate","url":"https:\/\/www.renatocasa.lu\/fr\/","sameAs":[],"logo":{"@type":"ImageObject","@id":"https:\/\/www.renatocasa.lu\/fr\/#logo","inLanguage":"fr-FR","url":"https:\/\/www.renatocasa.lu\/wp-content\/uploads\/2021\/11\/logo.png","contentUrl":"https:\/\/www.renatocasa.lu\/wp-content\/uploads\/2021\/11\/logo.png","width":500,"height":134,"caption":"Renato Casa By Refa Real Estate"},"image":{"@id":"https:\/\/www.renatocasa.lu\/fr\/#logo"}},{"@type":"WebSite","@id":"https:\/\/www.renatocasa.lu\/fr\/#website","url":"https:\/\/www.renatocasa.lu\/fr\/","name":"Renato Casa","description":"Bespoke interior design","publisher":{"@id":"https:\/\/www.renatocasa.lu\/fr\/#organization"},"potentialAction":[{"@type":"SearchAction","target":{"@type":"EntryPoint","urlTemplate":"https:\/\/www.renatocasa.lu\/fr\/?s={search_term_string}"},"query-input":"required name=search_term_string"}],"inLanguage":"fr-FR"},{"@type":"ImageObject","@id":"https:\/\/www.renatocasa.lu\/fr\/renato-casa-services-decoration-interieure-maison\/renato-casa-design-interieur\/#primaryimage","inLanguage":"fr-FR","url":"https:\/\/www.renatocasa.lu\/wp-content\/uploads\/2021\/11\/renato-casa-bespoke-interior-design-services-interior-design.jpg","contentUrl":"https:\/\/www.renatocasa.lu\/wp-content\/uploads\/2021\/11\/renato-casa-bespoke-interior-design-services-interior-design.jpg","width":2000,"height":1334},{"@type":"WebPage","@id":"https:\/\/www.renatocasa.lu\/fr\/renato-casa-services-decoration-interieure-maison\/renato-casa-design-interieur\/#webpage","url":"https:\/\/www.renatocasa.lu\/fr\/renato-casa-services-decoration-interieure-maison\/renato-casa-design-interieur\/","name":"Design d'int\u00e9rieur - Renato Casa","isPartOf":{"@id":"https:\/\/www.renatocasa.lu\/fr\/#website"},"primaryImageOfPage":{"@id":"https:\/\/www.renatocasa.lu\/fr\/renato-casa-services-decoration-interieure-maison\/renato-casa-design-interieur\/#primaryimage"},"datePublished":"2021-09-24T14:38:05+00:00","dateModified":"2021-11-16T09:16:53+00:00","description":"Design d'int\u00e9rieur. Renato Casa offre une \u00e9norme opportunit\u00e9 de refl\u00e9ter votre personnalit\u00e9 et d\u2019assurer \u00e9l\u00e9gance et confort.","breadcrumb":{"@id":"https:\/\/www.renatocasa.lu\/fr\/renato-casa-services-decoration-interieure-maison\/renato-casa-design-interieur\/#breadcrumb"},"inLanguage":"fr-FR","potentialAction":[{"@type":"ReadAction","target":["https:\/\/www.renatocasa.lu\/fr\/renato-casa-services-decoration-interieure-maison\/renato-casa-design-interieur\/"]}]},{"@type":"BreadcrumbList","@id":"https:\/\/www.renatocasa.lu\/fr\/renato-casa-services-decoration-interieure-maison\/renato-casa-design-interieur\/#breadcrumb","itemListElement":[{"@type":"ListItem","position":1,"name":"Home","item":"https:\/\/www.renatocasa.lu\/fr\/"},{"@type":"ListItem","position":2,"name":"Services","item":"https:\/\/www.renatocasa.lu\/fr\/renato-casa-services-decoration-interieure-maison\/"},{"@type":"ListItem","position":3,"name":"Design d&#8217;int\u00e9rieur"}]}]}},"_links":{"self":[{"href":"https:\/\/www.renatocasa.lu\/fr\/wp-json\/wp\/v2\/pages\/1006","targetHints":{"allow":["GET"]}}],"collection":[{"href":"https:\/\/www.renatocasa.lu\/fr\/wp-json\/wp\/v2\/pages"}],"about":[{"href":"https:\/\/www.renatocasa.lu\/fr\/wp-json\/wp\/v2\/types\/page"}],"author":[{"embeddable":true,"href":"https:\/\/www.renatocasa.lu\/fr\/wp-json\/wp\/v2\/users\/1"}],"replies":[{"embeddable":true,"href":"https:\/\/www.renatocasa.lu\/fr\/wp-json\/wp\/v2\/comments?post=1006"}],"version-history":[{"count":1,"href":"https:\/\/www.renatocasa.lu\/fr\/wp-json\/wp\/v2\/pages\/1006\/revisions"}],"predecessor-version":[{"id":1111,"href":"https:\/\/www.renatocasa.lu\/fr\/wp-json\/wp\/v2\/pages\/1006\/revisions\/1111"}],"up":[{"embeddable":true,"href":"https:\/\/www.renatocasa.lu\/fr\/wp-json\/wp\/v2\/pages\/1004"}],"wp:featuredmedia":[{"embeddable":true,"href":"https:\/\/www.renatocasa.lu\/fr\/wp-json\/wp\/v2\/media\/996"}],"wp:attachment":[{"href":"https:\/\/www.renatocasa.lu\/fr\/wp-json\/wp\/v2\/media?parent=1006"}],"curies":[{"name":"wp","href":"https:\/\/api.w.org\/{rel}","templated":true}]}}