{"id":1005,"date":"2021-09-24T16:37:43","date_gmt":"2021-09-24T14:37:43","guid":{"rendered":"https:\/\/www.renatocasa.lu\/renato-casa-high-quality-services\/renato-casa-smart-consulting-planning\/"},"modified":"2021-11-16T10:12:29","modified_gmt":"2021-11-16T09:12:29","slug":"renato-casa-conseil-planification-intelligent","status":"publish","type":"page","link":"https:\/\/www.renatocasa.lu\/fr\/renato-casa-services-decoration-interieure-maison\/renato-casa-conseil-planification-intelligent\/","title":{"rendered":"Conseil et planification intelligent"},"content":{"rendered":"<p>Parce que votre mode de vie et votre horaire sont uniques, nous avons une gamme de fa\u00e7ons de vous connecter \u00e0 l\u2019aide dont vous avez besoin. C\u2019est un conseil de coiffure personnalis\u00e9, \u00e0 votre fa\u00e7on.<\/p>\n","protected":false},"excerpt":{"rendered":"<p>Parce que votre mode de vie et votre horaire sont uniques, nous avons une gamme de fa\u00e7ons de vous connecter \u00e0 l\u2019aide dont vous avez besoin. C\u2019est un conseil de coiffure personnalis\u00e9, \u00e0 votre fa\u00e7on.<\/p>\n","protected":false},"author":1,"featured_media":994,"parent":1004,"menu_order":21,"comment_status":"closed","ping_status":"closed","template":"page-services-child.php","meta":{"footnotes":""},"class_list":["post-1005","page","type-page","status-publish","has-post-thumbnail","hentry"],"acf":[],"yoast_head":"<!-- This site is optimized with the Yoast SEO plugin v17.6 - https:\/\/yoast.com\/wordpress\/plugins\/seo\/ -->\n<meta name=\"description\" content=\"Conseil et planification intelligent. Renato Casa offre un large \u00e9ventail de possibilit\u00e9s adapt\u00e9es \u00e0 vos besoins et pr\u00e9f\u00e9rences.\" \/>\n<meta name=\"robots\" content=\"index, follow, max-snippet:-1, max-image-preview:large, max-video-preview:-1\" \/>\n<link rel=\"canonical\" href=\"https:\/\/www.renatocasa.lu\/fr\/renato-casa-services-decoration-interieure-maison\/renato-casa-conseil-planification-intelligent\/\" \/>\n<meta property=\"og:locale\" content=\"fr_FR\" \/>\n<meta property=\"og:type\" content=\"article\" \/>\n<meta property=\"og:title\" content=\"Conseil et planification intelligent - Renato Casa\" \/>\n<meta property=\"og:description\" content=\"Conseil et planification intelligent. Renato Casa offre un large \u00e9ventail de possibilit\u00e9s adapt\u00e9es \u00e0 vos besoins et pr\u00e9f\u00e9rences.\" \/>\n<meta property=\"og:url\" content=\"https:\/\/www.renatocasa.lu\/fr\/renato-casa-services-decoration-interieure-maison\/renato-casa-conseil-planification-intelligent\/\" \/>\n<meta property=\"og:site_name\" content=\"Renato Casa\" \/>\n<meta property=\"article:modified_time\" content=\"2021-11-16T09:12:29+00:00\" \/>\n<meta property=\"og:image\" content=\"https:\/\/www.renatocasa.lu\/wp-content\/uploads\/2021\/11\/renato-casa-bespoke-interior-design-services-smart-consulting-and-planning.jpg\" \/>\n\t<meta property=\"og:image:width\" content=\"2000\" \/>\n\t<meta property=\"og:image:height\" content=\"1334\" \/>\n<meta name=\"twitter:card\" content=\"summary_large_image\" \/>\n<script type=\"application\/ld+json\" class=\"yoast-schema-graph\">{\"@context\":\"https:\/\/schema.org\",\"@graph\":[{\"@type\":\"Organization\",\"@id\":\"https:\/\/www.renatocasa.lu\/fr\/#organization\",\"name\":\"Renato Casa By Refa Real Estate\",\"url\":\"https:\/\/www.renatocasa.lu\/fr\/\",\"sameAs\":[],\"logo\":{\"@type\":\"ImageObject\",\"@id\":\"https:\/\/www.renatocasa.lu\/fr\/#logo\",\"inLanguage\":\"fr-FR\",\"url\":\"https:\/\/www.renatocasa.lu\/wp-content\/uploads\/2021\/11\/logo.png\",\"contentUrl\":\"https:\/\/www.renatocasa.lu\/wp-content\/uploads\/2021\/11\/logo.png\",\"width\":500,\"height\":134,\"caption\":\"Renato Casa By Refa Real Estate\"},\"image\":{\"@id\":\"https:\/\/www.renatocasa.lu\/fr\/#logo\"}},{\"@type\":\"WebSite\",\"@id\":\"https:\/\/www.renatocasa.lu\/fr\/#website\",\"url\":\"https:\/\/www.renatocasa.lu\/fr\/\",\"name\":\"Renato Casa\",\"description\":\"Bespoke interior design\",\"publisher\":{\"@id\":\"https:\/\/www.renatocasa.lu\/fr\/#organization\"},\"potentialAction\":[{\"@type\":\"SearchAction\",\"target\":{\"@type\":\"EntryPoint\",\"urlTemplate\":\"https:\/\/www.renatocasa.lu\/fr\/?s={search_term_string}\"},\"query-input\":\"required name=search_term_string\"}],\"inLanguage\":\"fr-FR\"},{\"@type\":\"ImageObject\",\"@id\":\"https:\/\/www.renatocasa.lu\/fr\/renato-casa-services-decoration-interieure-maison\/renato-casa-conseil-planification-intelligent\/#primaryimage\",\"inLanguage\":\"fr-FR\",\"url\":\"https:\/\/www.renatocasa.lu\/wp-content\/uploads\/2021\/11\/renato-casa-bespoke-interior-design-services-smart-consulting-and-planning.jpg\",\"contentUrl\":\"https:\/\/www.renatocasa.lu\/wp-content\/uploads\/2021\/11\/renato-casa-bespoke-interior-design-services-smart-consulting-and-planning.jpg\",\"width\":2000,\"height\":1334},{\"@type\":\"WebPage\",\"@id\":\"https:\/\/www.renatocasa.lu\/fr\/renato-casa-services-decoration-interieure-maison\/renato-casa-conseil-planification-intelligent\/#webpage\",\"url\":\"https:\/\/www.renatocasa.lu\/fr\/renato-casa-services-decoration-interieure-maison\/renato-casa-conseil-planification-intelligent\/\",\"name\":\"Conseil et planification intelligent - Renato Casa\",\"isPartOf\":{\"@id\":\"https:\/\/www.renatocasa.lu\/fr\/#website\"},\"primaryImageOfPage\":{\"@id\":\"https:\/\/www.renatocasa.lu\/fr\/renato-casa-services-decoration-interieure-maison\/renato-casa-conseil-planification-intelligent\/#primaryimage\"},\"datePublished\":\"2021-09-24T14:37:43+00:00\",\"dateModified\":\"2021-11-16T09:12:29+00:00\",\"description\":\"Conseil et planification intelligent. Renato Casa offre un large \\u00e9ventail de possibilit\\u00e9s adapt\\u00e9es \\u00e0 vos besoins et pr\\u00e9f\\u00e9rences.\",\"breadcrumb\":{\"@id\":\"https:\/\/www.renatocasa.lu\/fr\/renato-casa-services-decoration-interieure-maison\/renato-casa-conseil-planification-intelligent\/#breadcrumb\"},\"inLanguage\":\"fr-FR\",\"potentialAction\":[{\"@type\":\"ReadAction\",\"target\":[\"https:\/\/www.renatocasa.lu\/fr\/renato-casa-services-decoration-interieure-maison\/renato-casa-conseil-planification-intelligent\/\"]}]},{\"@type\":\"BreadcrumbList\",\"@id\":\"https:\/\/www.renatocasa.lu\/fr\/renato-casa-services-decoration-interieure-maison\/renato-casa-conseil-planification-intelligent\/#breadcrumb\",\"itemListElement\":[{\"@type\":\"ListItem\",\"position\":1,\"name\":\"Home\",\"item\":\"https:\/\/www.renatocasa.lu\/fr\/\"},{\"@type\":\"ListItem\",\"position\":2,\"name\":\"Services\",\"item\":\"https:\/\/www.renatocasa.lu\/fr\/renato-casa-services-decoration-interieure-maison\/\"},{\"@type\":\"ListItem\",\"position\":3,\"name\":\"Conseil et planification intelligent\"}]}]}<\/script>\n<!-- \/ Yoast SEO plugin. -->","yoast_head_json":{"description":"Conseil et planification intelligent. Renato Casa offre un large \u00e9ventail de possibilit\u00e9s adapt\u00e9es \u00e0 vos besoins et pr\u00e9f\u00e9rences.","robots":{"index":"index","follow":"follow","max-snippet":"max-snippet:-1","max-image-preview":"max-image-preview:large","max-video-preview":"max-video-preview:-1"},"canonical":"https:\/\/www.renatocasa.lu\/fr\/renato-casa-services-decoration-interieure-maison\/renato-casa-conseil-planification-intelligent\/","og_locale":"fr_FR","og_type":"article","og_title":"Conseil et planification intelligent - Renato Casa","og_description":"Conseil et planification intelligent. Renato Casa offre un large \u00e9ventail de possibilit\u00e9s adapt\u00e9es \u00e0 vos besoins et pr\u00e9f\u00e9rences.","og_url":"https:\/\/www.renatocasa.lu\/fr\/renato-casa-services-decoration-interieure-maison\/renato-casa-conseil-planification-intelligent\/","og_site_name":"Renato Casa","article_modified_time":"2021-11-16T09:12:29+00:00","og_image":[{"width":2000,"height":1334,"url":"https:\/\/www.renatocasa.lu\/wp-content\/uploads\/2021\/11\/renato-casa-bespoke-interior-design-services-smart-consulting-and-planning.jpg","type":"image\/jpeg"}],"twitter_card":"summary_large_image","schema":{"@context":"https:\/\/schema.org","@graph":[{"@type":"Organization","@id":"https:\/\/www.renatocasa.lu\/fr\/#organization","name":"Renato Casa By Refa Real Estate","url":"https:\/\/www.renatocasa.lu\/fr\/","sameAs":[],"logo":{"@type":"ImageObject","@id":"https:\/\/www.renatocasa.lu\/fr\/#logo","inLanguage":"fr-FR","url":"https:\/\/www.renatocasa.lu\/wp-content\/uploads\/2021\/11\/logo.png","contentUrl":"https:\/\/www.renatocasa.lu\/wp-content\/uploads\/2021\/11\/logo.png","width":500,"height":134,"caption":"Renato Casa By Refa Real Estate"},"image":{"@id":"https:\/\/www.renatocasa.lu\/fr\/#logo"}},{"@type":"WebSite","@id":"https:\/\/www.renatocasa.lu\/fr\/#website","url":"https:\/\/www.renatocasa.lu\/fr\/","name":"Renato Casa","description":"Bespoke interior design","publisher":{"@id":"https:\/\/www.renatocasa.lu\/fr\/#organization"},"potentialAction":[{"@type":"SearchAction","target":{"@type":"EntryPoint","urlTemplate":"https:\/\/www.renatocasa.lu\/fr\/?s={search_term_string}"},"query-input":"required name=search_term_string"}],"inLanguage":"fr-FR"},{"@type":"ImageObject","@id":"https:\/\/www.renatocasa.lu\/fr\/renato-casa-services-decoration-interieure-maison\/renato-casa-conseil-planification-intelligent\/#primaryimage","inLanguage":"fr-FR","url":"https:\/\/www.renatocasa.lu\/wp-content\/uploads\/2021\/11\/renato-casa-bespoke-interior-design-services-smart-consulting-and-planning.jpg","contentUrl":"https:\/\/www.renatocasa.lu\/wp-content\/uploads\/2021\/11\/renato-casa-bespoke-interior-design-services-smart-consulting-and-planning.jpg","width":2000,"height":1334},{"@type":"WebPage","@id":"https:\/\/www.renatocasa.lu\/fr\/renato-casa-services-decoration-interieure-maison\/renato-casa-conseil-planification-intelligent\/#webpage","url":"https:\/\/www.renatocasa.lu\/fr\/renato-casa-services-decoration-interieure-maison\/renato-casa-conseil-planification-intelligent\/","name":"Conseil et planification intelligent - Renato Casa","isPartOf":{"@id":"https:\/\/www.renatocasa.lu\/fr\/#website"},"primaryImageOfPage":{"@id":"https:\/\/www.renatocasa.lu\/fr\/renato-casa-services-decoration-interieure-maison\/renato-casa-conseil-planification-intelligent\/#primaryimage"},"datePublished":"2021-09-24T14:37:43+00:00","dateModified":"2021-11-16T09:12:29+00:00","description":"Conseil et planification intelligent. Renato Casa offre un large \u00e9ventail de possibilit\u00e9s adapt\u00e9es \u00e0 vos besoins et pr\u00e9f\u00e9rences.","breadcrumb":{"@id":"https:\/\/www.renatocasa.lu\/fr\/renato-casa-services-decoration-interieure-maison\/renato-casa-conseil-planification-intelligent\/#breadcrumb"},"inLanguage":"fr-FR","potentialAction":[{"@type":"ReadAction","target":["https:\/\/www.renatocasa.lu\/fr\/renato-casa-services-decoration-interieure-maison\/renato-casa-conseil-planification-intelligent\/"]}]},{"@type":"BreadcrumbList","@id":"https:\/\/www.renatocasa.lu\/fr\/renato-casa-services-decoration-interieure-maison\/renato-casa-conseil-planification-intelligent\/#breadcrumb","itemListElement":[{"@type":"ListItem","position":1,"name":"Home","item":"https:\/\/www.renatocasa.lu\/fr\/"},{"@type":"ListItem","position":2,"name":"Services","item":"https:\/\/www.renatocasa.lu\/fr\/renato-casa-services-decoration-interieure-maison\/"},{"@type":"ListItem","position":3,"name":"Conseil et planification intelligent"}]}]}},"_links":{"self":[{"href":"https:\/\/www.renatocasa.lu\/fr\/wp-json\/wp\/v2\/pages\/1005","targetHints":{"allow":["GET"]}}],"collection":[{"href":"https:\/\/www.renatocasa.lu\/fr\/wp-json\/wp\/v2\/pages"}],"about":[{"href":"https:\/\/www.renatocasa.lu\/fr\/wp-json\/wp\/v2\/types\/page"}],"author":[{"embeddable":true,"href":"https:\/\/www.renatocasa.lu\/fr\/wp-json\/wp\/v2\/users\/1"}],"replies":[{"embeddable":true,"href":"https:\/\/www.renatocasa.lu\/fr\/wp-json\/wp\/v2\/comments?post=1005"}],"version-history":[{"count":1,"href":"https:\/\/www.renatocasa.lu\/fr\/wp-json\/wp\/v2\/pages\/1005\/revisions"}],"predecessor-version":[{"id":1110,"href":"https:\/\/www.renatocasa.lu\/fr\/wp-json\/wp\/v2\/pages\/1005\/revisions\/1110"}],"up":[{"embeddable":true,"href":"https:\/\/www.renatocasa.lu\/fr\/wp-json\/wp\/v2\/pages\/1004"}],"wp:featuredmedia":[{"embeddable":true,"href":"https:\/\/www.renatocasa.lu\/fr\/wp-json\/wp\/v2\/media\/994"}],"wp:attachment":[{"href":"https:\/\/www.renatocasa.lu\/fr\/wp-json\/wp\/v2\/media?parent=1005"}],"curies":[{"name":"wp","href":"https:\/\/api.w.org\/{rel}","templated":true}]}}