{"id":1002,"date":"2021-09-23T17:18:15","date_gmt":"2021-09-23T15:18:15","guid":{"rendered":"https:\/\/www.renatocasa.lu\/renato-casa-trusted-projects-references\/"},"modified":"2021-11-16T10:15:46","modified_gmt":"2021-11-16T09:15:46","slug":"renato-casa-immobilier-pour-residentiel-hotelier-bureau","status":"publish","type":"page","link":"https:\/\/www.renatocasa.lu\/fr\/renato-casa-immobilier-pour-residentiel-hotelier-bureau\/","title":{"rendered":"R\u00e9f\u00e9rences"},"content":{"rendered":"<p>Explorez notre \u00e9dition de projets de r\u00e9f\u00e9rence r\u00e9sidentiels, h\u00f4teliers et de bureau, et d\u00e9couvrez comment Renato Casa peut ajouter de la valeur \u00e0 votre travail. En tant que partenaire de confiance du projet, Renato Casa poss\u00e8de une vaste exp\u00e9rience pour vous aider \u00e0 r\u00e9aliser vos visions cr\u00e9atives sans compromis.<\/p>\n","protected":false},"excerpt":{"rendered":"<p>Explorez notre \u00e9dition de projets de r\u00e9f\u00e9rence r\u00e9sidentiels, h\u00f4teliers et de bureau, et d\u00e9couvrez comment Renato Casa peut ajouter de la valeur \u00e0 votre travail. En tant que partenaire de confiance du projet, Renato Casa poss\u00e8de une vaste exp\u00e9rience pour&#8230;<\/p>\n","protected":false},"author":1,"featured_media":795,"parent":0,"menu_order":16,"comment_status":"closed","ping_status":"closed","template":"page-references.php","meta":{"footnotes":""},"class_list":["post-1002","page","type-page","status-publish","has-post-thumbnail","hentry"],"acf":[],"yoast_head":"<!-- This site is optimized with the Yoast SEO plugin v17.6 - https:\/\/yoast.com\/wordpress\/plugins\/seo\/ -->\n<meta name=\"description\" content=\"Immobilier r\u00e9sidentiel, d\u2019accueil et de bureau. En tant que partenaire de confiance, Renato Casa peut vous aider \u00e0 r\u00e9aliser vos visions.\" \/>\n<meta name=\"robots\" content=\"index, follow, max-snippet:-1, max-image-preview:large, max-video-preview:-1\" \/>\n<link rel=\"canonical\" href=\"https:\/\/www.renatocasa.lu\/fr\/renato-casa-immobilier-pour-residentiel-hotelier-bureau\/\" \/>\n<meta property=\"og:locale\" content=\"fr_FR\" \/>\n<meta property=\"og:type\" content=\"article\" \/>\n<meta property=\"og:title\" content=\"Immobilier r\u00e9sidentiel et h\u00f4telier \u2013 Renato Casa\" \/>\n<meta property=\"og:description\" content=\"Immobilier r\u00e9sidentiel, d\u2019accueil et de bureau. En tant que partenaire de confiance, Renato Casa peut vous aider \u00e0 r\u00e9aliser vos visions.\" \/>\n<meta property=\"og:url\" content=\"https:\/\/www.renatocasa.lu\/fr\/renato-casa-immobilier-pour-residentiel-hotelier-bureau\/\" \/>\n<meta property=\"og:site_name\" content=\"Renato Casa\" \/>\n<meta property=\"article:modified_time\" content=\"2021-11-16T09:15:46+00:00\" \/>\n<meta property=\"og:image\" content=\"https:\/\/www.renatocasa.lu\/wp-content\/uploads\/2021\/11\/renato-casa-bespoke-interior-design-thumb.jpg\" \/>\n\t<meta property=\"og:image:width\" content=\"1262\" \/>\n\t<meta property=\"og:image:height\" content=\"654\" \/>\n<meta name=\"twitter:card\" content=\"summary_large_image\" \/>\n<script type=\"application\/ld+json\" class=\"yoast-schema-graph\">{\"@context\":\"https:\/\/schema.org\",\"@graph\":[{\"@type\":\"Organization\",\"@id\":\"https:\/\/www.renatocasa.lu\/fr\/#organization\",\"name\":\"Renato Casa By Refa Real Estate\",\"url\":\"https:\/\/www.renatocasa.lu\/fr\/\",\"sameAs\":[],\"logo\":{\"@type\":\"ImageObject\",\"@id\":\"https:\/\/www.renatocasa.lu\/fr\/#logo\",\"inLanguage\":\"fr-FR\",\"url\":\"https:\/\/www.renatocasa.lu\/wp-content\/uploads\/2021\/11\/logo.png\",\"contentUrl\":\"https:\/\/www.renatocasa.lu\/wp-content\/uploads\/2021\/11\/logo.png\",\"width\":500,\"height\":134,\"caption\":\"Renato Casa By Refa Real Estate\"},\"image\":{\"@id\":\"https:\/\/www.renatocasa.lu\/fr\/#logo\"}},{\"@type\":\"WebSite\",\"@id\":\"https:\/\/www.renatocasa.lu\/fr\/#website\",\"url\":\"https:\/\/www.renatocasa.lu\/fr\/\",\"name\":\"Renato Casa\",\"description\":\"Bespoke interior design\",\"publisher\":{\"@id\":\"https:\/\/www.renatocasa.lu\/fr\/#organization\"},\"potentialAction\":[{\"@type\":\"SearchAction\",\"target\":{\"@type\":\"EntryPoint\",\"urlTemplate\":\"https:\/\/www.renatocasa.lu\/fr\/?s={search_term_string}\"},\"query-input\":\"required name=search_term_string\"}],\"inLanguage\":\"fr-FR\"},{\"@type\":\"ImageObject\",\"@id\":\"https:\/\/www.renatocasa.lu\/fr\/renato-casa-immobilier-pour-residentiel-hotelier-bureau\/#primaryimage\",\"inLanguage\":\"fr-FR\",\"url\":\"https:\/\/www.renatocasa.lu\/wp-content\/uploads\/2021\/11\/renato-casa-bespoke-interior-design-thumb.jpg\",\"contentUrl\":\"https:\/\/www.renatocasa.lu\/wp-content\/uploads\/2021\/11\/renato-casa-bespoke-interior-design-thumb.jpg\",\"width\":1262,\"height\":654},{\"@type\":\"WebPage\",\"@id\":\"https:\/\/www.renatocasa.lu\/fr\/renato-casa-immobilier-pour-residentiel-hotelier-bureau\/#webpage\",\"url\":\"https:\/\/www.renatocasa.lu\/fr\/renato-casa-immobilier-pour-residentiel-hotelier-bureau\/\",\"name\":\"Immobilier r\\u00e9sidentiel et h\\u00f4telier \\u2013 Renato Casa\",\"isPartOf\":{\"@id\":\"https:\/\/www.renatocasa.lu\/fr\/#website\"},\"primaryImageOfPage\":{\"@id\":\"https:\/\/www.renatocasa.lu\/fr\/renato-casa-immobilier-pour-residentiel-hotelier-bureau\/#primaryimage\"},\"datePublished\":\"2021-09-23T15:18:15+00:00\",\"dateModified\":\"2021-11-16T09:15:46+00:00\",\"description\":\"Immobilier r\\u00e9sidentiel, d\\u2019accueil et de bureau. En tant que partenaire de confiance, Renato Casa peut vous aider \\u00e0 r\\u00e9aliser vos visions.\",\"breadcrumb\":{\"@id\":\"https:\/\/www.renatocasa.lu\/fr\/renato-casa-immobilier-pour-residentiel-hotelier-bureau\/#breadcrumb\"},\"inLanguage\":\"fr-FR\",\"potentialAction\":[{\"@type\":\"ReadAction\",\"target\":[\"https:\/\/www.renatocasa.lu\/fr\/renato-casa-immobilier-pour-residentiel-hotelier-bureau\/\"]}]},{\"@type\":\"BreadcrumbList\",\"@id\":\"https:\/\/www.renatocasa.lu\/fr\/renato-casa-immobilier-pour-residentiel-hotelier-bureau\/#breadcrumb\",\"itemListElement\":[{\"@type\":\"ListItem\",\"position\":1,\"name\":\"Home\",\"item\":\"https:\/\/www.renatocasa.lu\/fr\/\"},{\"@type\":\"ListItem\",\"position\":2,\"name\":\"R\\u00e9f\\u00e9rences\"}]}]}<\/script>\n<!-- \/ Yoast SEO plugin. -->","yoast_head_json":{"description":"Immobilier r\u00e9sidentiel, d\u2019accueil et de bureau. En tant que partenaire de confiance, Renato Casa peut vous aider \u00e0 r\u00e9aliser vos visions.","robots":{"index":"index","follow":"follow","max-snippet":"max-snippet:-1","max-image-preview":"max-image-preview:large","max-video-preview":"max-video-preview:-1"},"canonical":"https:\/\/www.renatocasa.lu\/fr\/renato-casa-immobilier-pour-residentiel-hotelier-bureau\/","og_locale":"fr_FR","og_type":"article","og_title":"Immobilier r\u00e9sidentiel et h\u00f4telier \u2013 Renato Casa","og_description":"Immobilier r\u00e9sidentiel, d\u2019accueil et de bureau. En tant que partenaire de confiance, Renato Casa peut vous aider \u00e0 r\u00e9aliser vos visions.","og_url":"https:\/\/www.renatocasa.lu\/fr\/renato-casa-immobilier-pour-residentiel-hotelier-bureau\/","og_site_name":"Renato Casa","article_modified_time":"2021-11-16T09:15:46+00:00","og_image":[{"width":1262,"height":654,"url":"https:\/\/www.renatocasa.lu\/wp-content\/uploads\/2021\/11\/renato-casa-bespoke-interior-design-thumb.jpg","type":"image\/jpeg"}],"twitter_card":"summary_large_image","schema":{"@context":"https:\/\/schema.org","@graph":[{"@type":"Organization","@id":"https:\/\/www.renatocasa.lu\/fr\/#organization","name":"Renato Casa By Refa Real Estate","url":"https:\/\/www.renatocasa.lu\/fr\/","sameAs":[],"logo":{"@type":"ImageObject","@id":"https:\/\/www.renatocasa.lu\/fr\/#logo","inLanguage":"fr-FR","url":"https:\/\/www.renatocasa.lu\/wp-content\/uploads\/2021\/11\/logo.png","contentUrl":"https:\/\/www.renatocasa.lu\/wp-content\/uploads\/2021\/11\/logo.png","width":500,"height":134,"caption":"Renato Casa By Refa Real Estate"},"image":{"@id":"https:\/\/www.renatocasa.lu\/fr\/#logo"}},{"@type":"WebSite","@id":"https:\/\/www.renatocasa.lu\/fr\/#website","url":"https:\/\/www.renatocasa.lu\/fr\/","name":"Renato Casa","description":"Bespoke interior design","publisher":{"@id":"https:\/\/www.renatocasa.lu\/fr\/#organization"},"potentialAction":[{"@type":"SearchAction","target":{"@type":"EntryPoint","urlTemplate":"https:\/\/www.renatocasa.lu\/fr\/?s={search_term_string}"},"query-input":"required name=search_term_string"}],"inLanguage":"fr-FR"},{"@type":"ImageObject","@id":"https:\/\/www.renatocasa.lu\/fr\/renato-casa-immobilier-pour-residentiel-hotelier-bureau\/#primaryimage","inLanguage":"fr-FR","url":"https:\/\/www.renatocasa.lu\/wp-content\/uploads\/2021\/11\/renato-casa-bespoke-interior-design-thumb.jpg","contentUrl":"https:\/\/www.renatocasa.lu\/wp-content\/uploads\/2021\/11\/renato-casa-bespoke-interior-design-thumb.jpg","width":1262,"height":654},{"@type":"WebPage","@id":"https:\/\/www.renatocasa.lu\/fr\/renato-casa-immobilier-pour-residentiel-hotelier-bureau\/#webpage","url":"https:\/\/www.renatocasa.lu\/fr\/renato-casa-immobilier-pour-residentiel-hotelier-bureau\/","name":"Immobilier r\u00e9sidentiel et h\u00f4telier \u2013 Renato Casa","isPartOf":{"@id":"https:\/\/www.renatocasa.lu\/fr\/#website"},"primaryImageOfPage":{"@id":"https:\/\/www.renatocasa.lu\/fr\/renato-casa-immobilier-pour-residentiel-hotelier-bureau\/#primaryimage"},"datePublished":"2021-09-23T15:18:15+00:00","dateModified":"2021-11-16T09:15:46+00:00","description":"Immobilier r\u00e9sidentiel, d\u2019accueil et de bureau. En tant que partenaire de confiance, Renato Casa peut vous aider \u00e0 r\u00e9aliser vos visions.","breadcrumb":{"@id":"https:\/\/www.renatocasa.lu\/fr\/renato-casa-immobilier-pour-residentiel-hotelier-bureau\/#breadcrumb"},"inLanguage":"fr-FR","potentialAction":[{"@type":"ReadAction","target":["https:\/\/www.renatocasa.lu\/fr\/renato-casa-immobilier-pour-residentiel-hotelier-bureau\/"]}]},{"@type":"BreadcrumbList","@id":"https:\/\/www.renatocasa.lu\/fr\/renato-casa-immobilier-pour-residentiel-hotelier-bureau\/#breadcrumb","itemListElement":[{"@type":"ListItem","position":1,"name":"Home","item":"https:\/\/www.renatocasa.lu\/fr\/"},{"@type":"ListItem","position":2,"name":"R\u00e9f\u00e9rences"}]}]}},"_links":{"self":[{"href":"https:\/\/www.renatocasa.lu\/fr\/wp-json\/wp\/v2\/pages\/1002","targetHints":{"allow":["GET"]}}],"collection":[{"href":"https:\/\/www.renatocasa.lu\/fr\/wp-json\/wp\/v2\/pages"}],"about":[{"href":"https:\/\/www.renatocasa.lu\/fr\/wp-json\/wp\/v2\/types\/page"}],"author":[{"embeddable":true,"href":"https:\/\/www.renatocasa.lu\/fr\/wp-json\/wp\/v2\/users\/1"}],"replies":[{"embeddable":true,"href":"https:\/\/www.renatocasa.lu\/fr\/wp-json\/wp\/v2\/comments?post=1002"}],"version-history":[{"count":1,"href":"https:\/\/www.renatocasa.lu\/fr\/wp-json\/wp\/v2\/pages\/1002\/revisions"}],"predecessor-version":[{"id":1107,"href":"https:\/\/www.renatocasa.lu\/fr\/wp-json\/wp\/v2\/pages\/1002\/revisions\/1107"}],"wp:featuredmedia":[{"embeddable":true,"href":"https:\/\/www.renatocasa.lu\/fr\/wp-json\/wp\/v2\/media\/795"}],"wp:attachment":[{"href":"https:\/\/www.renatocasa.lu\/fr\/wp-json\/wp\/v2\/media?parent=1002"}],"curies":[{"name":"wp","href":"https:\/\/api.w.org\/{rel}","templated":true}]}}