{"id":1000,"date":"2021-09-22T14:23:50","date_gmt":"2021-09-22T12:23:50","guid":{"rendered":"https:\/\/www.renatocasa.lu\/home\/"},"modified":"2021-11-17T15:38:33","modified_gmt":"2021-11-17T14:38:33","slug":"home","status":"publish","type":"page","link":"https:\/\/www.renatocasa.lu\/fr\/","title":{"rendered":"Home"},"content":{"rendered":"\r\n<h3>A dialogue between<br \/>builder and architect<\/h3>\r\n<p>Our story is one of skilful hands, craftsmanship and enormous passion. Our experience, our constant endeavour and our intense focus on detail guide us as we create beautiful, contemporary reinterpretations of a tradition that has long been synonymous with exclusivity.<\/p>\r\n<p>Our success is also explained by the work of our teams in the field who do everything possible to offer you a pleasant living environment and support you during the different stages of your project. We are always ready to listen to you by offering you the possibility of creating a space of your own, thanks to a choice of interior options and services.<\/p>\r\n","protected":false},"excerpt":{"rendered":"<p>A dialogue betweenbuilder and architect Our story is one of skilful hands, craftsmanship and enormous passion. Our experience, our constant endeavour and our intense focus on detail guide us as we create beautiful, contemporary reinterpretations of a tradition that has&#8230;<\/p>\n","protected":false},"author":1,"featured_media":0,"parent":0,"menu_order":12,"comment_status":"closed","ping_status":"closed","template":"page-home.php","meta":{"footnotes":""},"class_list":["post-1000","page","type-page","status-publish","hentry"],"acf":[],"yoast_head":"<!-- This site is optimized with the Yoast SEO plugin v17.6 - https:\/\/yoast.com\/wordpress\/plugins\/seo\/ -->\n<meta name=\"description\" content=\"Design d&#039;int\u00e9rieur, architecture, mobilier Made in Italy, immobilier et contract. Tout cela est Renato Casa, design d&#039;int\u00e9rieur sur mesure.\" \/>\n<meta name=\"robots\" content=\"index, follow, max-snippet:-1, max-image-preview:large, max-video-preview:-1\" \/>\n<link rel=\"canonical\" href=\"https:\/\/www.renatocasa.lu\/fr\/\" \/>\n<meta property=\"og:locale\" content=\"fr_FR\" \/>\n<meta property=\"og:type\" content=\"article\" \/>\n<meta property=\"og:title\" content=\"Int\u00e9rieur sur mesure - Renato Casa\" \/>\n<meta property=\"og:description\" content=\"Design d&#039;int\u00e9rieur, architecture, mobilier Made in Italy, immobilier et contract. Tout cela est Renato Casa, design d&#039;int\u00e9rieur sur mesure.\" \/>\n<meta property=\"og:url\" content=\"https:\/\/www.renatocasa.lu\/fr\/\" \/>\n<meta property=\"og:site_name\" content=\"Renato Casa\" \/>\n<meta property=\"article:modified_time\" content=\"2021-11-17T14:38:33+00:00\" \/>\n<meta name=\"twitter:card\" content=\"summary_large_image\" \/>\n<meta name=\"twitter:label1\" content=\"Dur\u00e9e de lecture estim\u00e9e\" \/>\n\t<meta name=\"twitter:data1\" content=\"1 minute\" \/>\n<script type=\"application\/ld+json\" class=\"yoast-schema-graph\">{\"@context\":\"https:\/\/schema.org\",\"@graph\":[{\"@type\":\"Organization\",\"@id\":\"https:\/\/www.renatocasa.lu\/fr\/#organization\",\"name\":\"Renato Casa By Refa Real Estate\",\"url\":\"https:\/\/www.renatocasa.lu\/fr\/\",\"sameAs\":[],\"logo\":{\"@type\":\"ImageObject\",\"@id\":\"https:\/\/www.renatocasa.lu\/fr\/#logo\",\"inLanguage\":\"fr-FR\",\"url\":\"https:\/\/www.renatocasa.lu\/wp-content\/uploads\/2021\/11\/logo.png\",\"contentUrl\":\"https:\/\/www.renatocasa.lu\/wp-content\/uploads\/2021\/11\/logo.png\",\"width\":500,\"height\":134,\"caption\":\"Renato Casa By Refa Real Estate\"},\"image\":{\"@id\":\"https:\/\/www.renatocasa.lu\/fr\/#logo\"}},{\"@type\":\"WebSite\",\"@id\":\"https:\/\/www.renatocasa.lu\/fr\/#website\",\"url\":\"https:\/\/www.renatocasa.lu\/fr\/\",\"name\":\"Renato Casa\",\"description\":\"Bespoke interior design\",\"publisher\":{\"@id\":\"https:\/\/www.renatocasa.lu\/fr\/#organization\"},\"potentialAction\":[{\"@type\":\"SearchAction\",\"target\":{\"@type\":\"EntryPoint\",\"urlTemplate\":\"https:\/\/www.renatocasa.lu\/fr\/?s={search_term_string}\"},\"query-input\":\"required name=search_term_string\"}],\"inLanguage\":\"fr-FR\"},{\"@type\":\"WebPage\",\"@id\":\"https:\/\/www.renatocasa.lu\/fr\/#webpage\",\"url\":\"https:\/\/www.renatocasa.lu\/fr\/\",\"name\":\"Int\\u00e9rieur sur mesure - Renato Casa\",\"isPartOf\":{\"@id\":\"https:\/\/www.renatocasa.lu\/fr\/#website\"},\"datePublished\":\"2021-09-22T12:23:50+00:00\",\"dateModified\":\"2021-11-17T14:38:33+00:00\",\"description\":\"Design d'int\\u00e9rieur, architecture, mobilier Made in Italy, immobilier et contract. Tout cela est Renato Casa, design d'int\\u00e9rieur sur mesure.\",\"breadcrumb\":{\"@id\":\"https:\/\/www.renatocasa.lu\/fr\/#breadcrumb\"},\"inLanguage\":\"fr-FR\",\"potentialAction\":[{\"@type\":\"ReadAction\",\"target\":[\"https:\/\/www.renatocasa.lu\/fr\/\"]}]},{\"@type\":\"BreadcrumbList\",\"@id\":\"https:\/\/www.renatocasa.lu\/fr\/#breadcrumb\",\"itemListElement\":[{\"@type\":\"ListItem\",\"position\":1,\"name\":\"Home\",\"item\":\"https:\/\/www.renatocasa.lu\/fr\/\"},{\"@type\":\"ListItem\",\"position\":2,\"name\":\"Home\"}]}]}<\/script>\n<!-- \/ Yoast SEO plugin. -->","yoast_head_json":{"description":"Design d'int\u00e9rieur, architecture, mobilier Made in Italy, immobilier et contract. Tout cela est Renato Casa, design d'int\u00e9rieur sur mesure.","robots":{"index":"index","follow":"follow","max-snippet":"max-snippet:-1","max-image-preview":"max-image-preview:large","max-video-preview":"max-video-preview:-1"},"canonical":"https:\/\/www.renatocasa.lu\/fr\/","og_locale":"fr_FR","og_type":"article","og_title":"Int\u00e9rieur sur mesure - Renato Casa","og_description":"Design d'int\u00e9rieur, architecture, mobilier Made in Italy, immobilier et contract. Tout cela est Renato Casa, design d'int\u00e9rieur sur mesure.","og_url":"https:\/\/www.renatocasa.lu\/fr\/","og_site_name":"Renato Casa","article_modified_time":"2021-11-17T14:38:33+00:00","twitter_card":"summary_large_image","twitter_misc":{"Dur\u00e9e de lecture estim\u00e9e":"1 minute"},"schema":{"@context":"https:\/\/schema.org","@graph":[{"@type":"Organization","@id":"https:\/\/www.renatocasa.lu\/fr\/#organization","name":"Renato Casa By Refa Real Estate","url":"https:\/\/www.renatocasa.lu\/fr\/","sameAs":[],"logo":{"@type":"ImageObject","@id":"https:\/\/www.renatocasa.lu\/fr\/#logo","inLanguage":"fr-FR","url":"https:\/\/www.renatocasa.lu\/wp-content\/uploads\/2021\/11\/logo.png","contentUrl":"https:\/\/www.renatocasa.lu\/wp-content\/uploads\/2021\/11\/logo.png","width":500,"height":134,"caption":"Renato Casa By Refa Real Estate"},"image":{"@id":"https:\/\/www.renatocasa.lu\/fr\/#logo"}},{"@type":"WebSite","@id":"https:\/\/www.renatocasa.lu\/fr\/#website","url":"https:\/\/www.renatocasa.lu\/fr\/","name":"Renato Casa","description":"Bespoke interior design","publisher":{"@id":"https:\/\/www.renatocasa.lu\/fr\/#organization"},"potentialAction":[{"@type":"SearchAction","target":{"@type":"EntryPoint","urlTemplate":"https:\/\/www.renatocasa.lu\/fr\/?s={search_term_string}"},"query-input":"required name=search_term_string"}],"inLanguage":"fr-FR"},{"@type":"WebPage","@id":"https:\/\/www.renatocasa.lu\/fr\/#webpage","url":"https:\/\/www.renatocasa.lu\/fr\/","name":"Int\u00e9rieur sur mesure - Renato Casa","isPartOf":{"@id":"https:\/\/www.renatocasa.lu\/fr\/#website"},"datePublished":"2021-09-22T12:23:50+00:00","dateModified":"2021-11-17T14:38:33+00:00","description":"Design d'int\u00e9rieur, architecture, mobilier Made in Italy, immobilier et contract. Tout cela est Renato Casa, design d'int\u00e9rieur sur mesure.","breadcrumb":{"@id":"https:\/\/www.renatocasa.lu\/fr\/#breadcrumb"},"inLanguage":"fr-FR","potentialAction":[{"@type":"ReadAction","target":["https:\/\/www.renatocasa.lu\/fr\/"]}]},{"@type":"BreadcrumbList","@id":"https:\/\/www.renatocasa.lu\/fr\/#breadcrumb","itemListElement":[{"@type":"ListItem","position":1,"name":"Home","item":"https:\/\/www.renatocasa.lu\/fr\/"},{"@type":"ListItem","position":2,"name":"Home"}]}]}},"_links":{"self":[{"href":"https:\/\/www.renatocasa.lu\/fr\/wp-json\/wp\/v2\/pages\/1000","targetHints":{"allow":["GET"]}}],"collection":[{"href":"https:\/\/www.renatocasa.lu\/fr\/wp-json\/wp\/v2\/pages"}],"about":[{"href":"https:\/\/www.renatocasa.lu\/fr\/wp-json\/wp\/v2\/types\/page"}],"author":[{"embeddable":true,"href":"https:\/\/www.renatocasa.lu\/fr\/wp-json\/wp\/v2\/users\/1"}],"replies":[{"embeddable":true,"href":"https:\/\/www.renatocasa.lu\/fr\/wp-json\/wp\/v2\/comments?post=1000"}],"version-history":[{"count":3,"href":"https:\/\/www.renatocasa.lu\/fr\/wp-json\/wp\/v2\/pages\/1000\/revisions"}],"predecessor-version":[{"id":1146,"href":"https:\/\/www.renatocasa.lu\/fr\/wp-json\/wp\/v2\/pages\/1000\/revisions\/1146"}],"wp:attachment":[{"href":"https:\/\/www.renatocasa.lu\/fr\/wp-json\/wp\/v2\/media?parent=1000"}],"curies":[{"name":"wp","href":"https:\/\/api.w.org\/{rel}","templated":true}]}}